{"id":25407,"date":"2025-04-16T01:55:01","date_gmt":"2025-04-16T01:55:01","guid":{"rendered":"https:\/\/peachpuff-hummingbird-328532.hostingersite.com\/home\/"},"modified":"2025-10-18T21:48:33","modified_gmt":"2025-10-18T21:48:33","slug":"home","status":"publish","type":"page","link":"https:\/\/premiumchessacademy.com\/es\/","title":{"rendered":"Inicio"},"content":{"rendered":"<div class=\"wp-block-uagb-container uagb-block-230d2cc2 alignfull uagb-is-root-container\"><div class=\"uagb-container-inner-blocks-wrap\">\n<div class=\"wp-block-uagb-info-box uagb-block-6f80f11e uagb-infobox__content-wrap  uagb-infobox-icon-above-title uagb-infobox-image-valign-top\"><div class=\"uagb-ifb-content\"><div class=\"uagb-ifb-title-wrap\"><h1 class=\"uagb-ifb-title\">El camino de \u00e9lite hacia la excelencia en ajedrez<\/h1><\/div><p class=\"uagb-ifb-desc\">\"Mejora tu estrategia, t\u00e1ctica y mentalidad competitiva con lecciones creadas por un Maestro FIDE con experiencia, enfocadas en tu crecimiento personal.\"<\/p><div class=\"uagb-ifb-button-wrapper wp-block-button\"><a href=\"https:\/\/premiumchessacademy.com\/es\/all-courses\/\" class=\"uagb-infobox-cta-link wp-block-button__link\" target=\"_self\" rel=\"noopener noreferrer\" onclick=\"return true;\"><span class=\"uagb-inline-editing\">Ver todos los cursos<\/span><\/a><\/div><\/div><\/div>\n<\/div><\/div>\n\n\n\n<div class=\"wp-block-uagb-container pca-tiles uagb-block-8308453a alignfull uagb-is-root-container\"><div class=\"uagb-container-inner-blocks-wrap\">\n<div class=\"wp-block-uagb-container pca-card uagb-block-9babc42b\">\n<figure class=\"wp-block-image size-large\"><img fetchpriority=\"high\" decoding=\"async\" width=\"683\" height=\"1024\" src=\"https:\/\/premiumchessacademy.com\/wp-content\/uploads\/2025\/04\/Imagen-de-WhatsApp-2025-04-17-a-las-20.30.34_4488d378-683x1024.jpg\" alt=\"\" class=\"wp-image-27462\" srcset=\"https:\/\/premiumchessacademy.com\/wp-content\/uploads\/2025\/04\/Imagen-de-WhatsApp-2025-04-17-a-las-20.30.34_4488d378-683x1024.jpg 683w, https:\/\/premiumchessacademy.com\/wp-content\/uploads\/2025\/04\/Imagen-de-WhatsApp-2025-04-17-a-las-20.30.34_4488d378-200x300.jpg 200w, https:\/\/premiumchessacademy.com\/wp-content\/uploads\/2025\/04\/Imagen-de-WhatsApp-2025-04-17-a-las-20.30.34_4488d378-768x1152.jpg 768w, https:\/\/premiumchessacademy.com\/wp-content\/uploads\/2025\/04\/Imagen-de-WhatsApp-2025-04-17-a-las-20.30.34_4488d378.jpg 1024w\" sizes=\"(max-width: 683px) 100vw, 683px\" \/><\/figure>\n<\/div>\n\n\n\n<div class=\"wp-block-uagb-container pca-card uagb-block-680df5b2\">\n<figure class=\"wp-block-image size-large\"><img decoding=\"async\" width=\"683\" height=\"1024\" src=\"https:\/\/premiumchessacademy.com\/wp-content\/uploads\/2025\/04\/Imagen-de-WhatsApp-2025-04-17-a-las-20.51.37_8ec71a99-683x1024.jpg\" alt=\"\" class=\"wp-image-27466\" srcset=\"https:\/\/premiumchessacademy.com\/wp-content\/uploads\/2025\/04\/Imagen-de-WhatsApp-2025-04-17-a-las-20.51.37_8ec71a99-683x1024.jpg 683w, https:\/\/premiumchessacademy.com\/wp-content\/uploads\/2025\/04\/Imagen-de-WhatsApp-2025-04-17-a-las-20.51.37_8ec71a99-200x300.jpg 200w, https:\/\/premiumchessacademy.com\/wp-content\/uploads\/2025\/04\/Imagen-de-WhatsApp-2025-04-17-a-las-20.51.37_8ec71a99-768x1152.jpg 768w, https:\/\/premiumchessacademy.com\/wp-content\/uploads\/2025\/04\/Imagen-de-WhatsApp-2025-04-17-a-las-20.51.37_8ec71a99.jpg 1024w\" sizes=\"(max-width: 683px) 100vw, 683px\" \/><\/figure>\n<\/div>\n\n\n\n<div class=\"wp-block-uagb-container pca-card uagb-block-44d2fdca\">\n<figure class=\"wp-block-image size-large\"><img decoding=\"async\" width=\"683\" height=\"1024\" src=\"https:\/\/premiumchessacademy.com\/wp-content\/uploads\/2025\/04\/Imagen-de-WhatsApp-2025-04-17-a-las-20.30.34_b4405fbb-683x1024.jpg\" alt=\"\" class=\"wp-image-27463\" srcset=\"https:\/\/premiumchessacademy.com\/wp-content\/uploads\/2025\/04\/Imagen-de-WhatsApp-2025-04-17-a-las-20.30.34_b4405fbb-683x1024.jpg 683w, https:\/\/premiumchessacademy.com\/wp-content\/uploads\/2025\/04\/Imagen-de-WhatsApp-2025-04-17-a-las-20.30.34_b4405fbb-200x300.jpg 200w, https:\/\/premiumchessacademy.com\/wp-content\/uploads\/2025\/04\/Imagen-de-WhatsApp-2025-04-17-a-las-20.30.34_b4405fbb-768x1152.jpg 768w, https:\/\/premiumchessacademy.com\/wp-content\/uploads\/2025\/04\/Imagen-de-WhatsApp-2025-04-17-a-las-20.30.34_b4405fbb.jpg 1024w\" sizes=\"(max-width: 683px) 100vw, 683px\" \/><\/figure>\n<\/div>\n<\/div><\/div>\n\n\n\n<div class=\"wp-block-uagb-container uagb-block-0c92cd6e alignfull uagb-is-root-container\"><div class=\"uagb-container-inner-blocks-wrap\">\n<div class=\"wp-block-uagb-advanced-heading uagb-block-e84ec773\"><h2 class=\"uagb-heading-text\">\"Desbloquea tu potencial con entrenamiento de ajedrez de clase mundial\"<\/h2><p class=\"uagb-desc-text\">\"Guiados por un Maestro FIDE con a\u00f1os de experiencia internacional, ayudamos a los estudiantes a convertir su pasi\u00f3n en maestr\u00eda.\"<\/p><\/div>\n\n\n\n<div class=\"wp-block-uagb-container uagb-block-818574d2\">\n<div class=\"wp-block-uagb-container uagb-block-4636577f\">\n<div class=\"wp-block-uagb-image aligncenter uagb-block-c78c9cd7 wp-block-uagb-image--layout-default wp-block-uagb-image--effect-static wp-block-uagb-image--align-center\"><figure class=\"wp-block-uagb-image__figure\"><img loading=\"lazy\" decoding=\"async\" srcset=\"https:\/\/premiumchessacademy.com\/wp-content\/uploads\/2025\/04\/Imagen-de-WhatsApp-2025-04-16-a-las-16.53.30_8fcc6bb1.jpg ,https:\/\/premiumchessacademy.com\/wp-content\/uploads\/2025\/04\/Imagen-de-WhatsApp-2025-04-16-a-las-16.53.30_8fcc6bb1.jpg 780w, https:\/\/premiumchessacademy.com\/wp-content\/uploads\/2025\/04\/Imagen-de-WhatsApp-2025-04-16-a-las-16.53.30_8fcc6bb1.jpg 360w\" sizes=\"auto, (max-width: 480px) 150px\" src=\"https:\/\/premiumchessacademy.com\/wp-content\/uploads\/2025\/04\/Imagen-de-WhatsApp-2025-04-16-a-las-16.53.30_8fcc6bb1.jpg\" alt=\"\" class=\"uag-image-27404\" width=\"700\" height=\"700\" title=\"kelvin\" role=\"img\"\/><\/figure><\/div>\n\n\n\n<div class=\"wp-block-uagb-advanced-heading uagb-block-ce218cf3\"><h5 class=\"uagb-heading-text\">\u201cKelvin S\u00e1nchez \u2013 Ingeniero Mec\u00e1nico, Maestro FIDE e Instructor FIDE Certificado\u201d<\/h5><\/div>\n<\/div>\n\n\n<div class=\"wp-block-uagb-faq uagb-faq__outer-wrap uagb-block-9574fea7 uagb-faq-icon-row uagb-faq-layout-accordion uagb-faq-expand-first-true uagb-faq-inactive-other-true uagb-faq__wrap uagb-buttons-layout-wrap uagb-faq-equal-height\" data-faqtoggle=\"true\" role=\"tablist\"><div class=\"wp-block-uagb-faq-child uagb-faq-child__outer-wrap uagb-faq-item uagb-block-55523399\" role=\"tab\" tabindex=\"0\"><div class=\"uagb-faq-questions-button uagb-faq-questions\">\t\t\t<span class=\"uagb-icon uagb-faq-icon-wrap\">\n\t\t\t\t\t\t\t\t<svg xmlns=\"https:\/\/www.w3.org\/2000\/svg\" viewbox= \"0 0 256 512\"><path d=\"M118.6 105.4l128 127.1C252.9 239.6 256 247.8 256 255.1s-3.125 16.38-9.375 22.63l-128 127.1c-9.156 9.156-22.91 11.9-34.88 6.943S64 396.9 64 383.1V128c0-12.94 7.781-24.62 19.75-29.58S109.5 96.23 118.6 105.4z\"><\/path><\/svg>\n\t\t\t\t\t\t\t<\/span>\n\t\t\t\t\t\t<span class=\"uagb-icon-active uagb-faq-icon-wrap\">\n\t\t\t\t\t\t\t\t<svg xmlns=\"https:\/\/www.w3.org\/2000\/svg\" viewbox= \"0 0 320 512\"><path d=\"M310.6 246.6l-127.1 128C176.4 380.9 168.2 384 160 384s-16.38-3.125-22.63-9.375l-127.1-128C.2244 237.5-2.516 223.7 2.438 211.8S19.07 192 32 192h255.1c12.94 0 24.62 7.781 29.58 19.75S319.8 237.5 310.6 246.6z\"><\/path><\/svg>\n\t\t\t\t\t\t\t<\/span>\n\t\t\t<p class=\"uagb-question\"> <strong>Desarrolla habilidades reales<\/strong><\/p><\/div><div class=\"uagb-faq-content\"><p>Aprende con un Maestro FIDE con experiencia internacional. Entrena con un m\u00e9todo claro, moderno y personalizado.<\/p><\/div><\/div><div class=\"wp-block-uagb-faq-child uagb-faq-child__outer-wrap uagb-faq-item uagb-block-db7748ad\" role=\"tab\" tabindex=\"0\"><div class=\"uagb-faq-questions-button uagb-faq-questions\">\t\t\t<span class=\"uagb-icon uagb-faq-icon-wrap\">\n\t\t\t\t\t\t\t\t<svg xmlns=\"https:\/\/www.w3.org\/2000\/svg\" viewbox= \"0 0 256 512\"><path d=\"M118.6 105.4l128 127.1C252.9 239.6 256 247.8 256 255.1s-3.125 16.38-9.375 22.63l-128 127.1c-9.156 9.156-22.91 11.9-34.88 6.943S64 396.9 64 383.1V128c0-12.94 7.781-24.62 19.75-29.58S109.5 96.23 118.6 105.4z\"><\/path><\/svg>\n\t\t\t\t\t\t\t<\/span>\n\t\t\t\t\t\t<span class=\"uagb-icon-active uagb-faq-icon-wrap\">\n\t\t\t\t\t\t\t\t<svg xmlns=\"https:\/\/www.w3.org\/2000\/svg\" viewbox= \"0 0 320 512\"><path d=\"M310.6 246.6l-127.1 128C176.4 380.9 168.2 384 160 384s-16.38-3.125-22.63-9.375l-127.1-128C.2244 237.5-2.516 223.7 2.438 211.8S19.07 192 32 192h255.1c12.94 0 24.62 7.781 29.58 19.75S319.8 237.5 310.6 246.6z\"><\/path><\/svg>\n\t\t\t\t\t\t\t<\/span>\n\t\t\t<p class=\"uagb-question\">Encuentra el camino correcto para tu progreso<\/p><\/div><div class=\"uagb-faq-content\"><p>Desde principiantes hasta jugadores competitivos, sigue un camino estructurado y eficaz para mejorar<\/p><\/div><\/div><div class=\"wp-block-uagb-faq-child uagb-faq-child__outer-wrap uagb-faq-item uagb-block-2e683e64\" role=\"tab\" tabindex=\"0\"><div class=\"uagb-faq-questions-button uagb-faq-questions\">\t\t\t<span class=\"uagb-icon uagb-faq-icon-wrap\">\n\t\t\t\t\t\t\t\t<svg xmlns=\"https:\/\/www.w3.org\/2000\/svg\" viewbox= \"0 0 256 512\"><path d=\"M118.6 105.4l128 127.1C252.9 239.6 256 247.8 256 255.1s-3.125 16.38-9.375 22.63l-128 127.1c-9.156 9.156-22.91 11.9-34.88 6.943S64 396.9 64 383.1V128c0-12.94 7.781-24.62 19.75-29.58S109.5 96.23 118.6 105.4z\"><\/path><\/svg>\n\t\t\t\t\t\t\t<\/span>\n\t\t\t\t\t\t<span class=\"uagb-icon-active uagb-faq-icon-wrap\">\n\t\t\t\t\t\t\t\t<svg xmlns=\"https:\/\/www.w3.org\/2000\/svg\" viewbox= \"0 0 320 512\"><path d=\"M310.6 246.6l-127.1 128C176.4 380.9 168.2 384 160 384s-16.38-3.125-22.63-9.375l-127.1-128C.2244 237.5-2.516 223.7 2.438 211.8S19.07 192 32 192h255.1c12.94 0 24.62 7.781 29.58 19.75S319.8 237.5 310.6 246.6z\"><\/path><\/svg>\n\t\t\t\t\t\t\t<\/span>\n\t\t\t<p class=\"uagb-question\">Aprende de profesionales certificados<\/p><\/div><div class=\"uagb-faq-content\"><p>Kelvin S\u00e1nchez es Ingeniero Mec\u00e1nico, Maestro FIDE e Instructor FIDE Certificado. Su pasi\u00f3n es compartir el ajedrez como una herramienta para el crecimiento personal.<\/p><\/div><\/div><\/div><\/div>\n<\/div><\/div>\n\n\n\n<div class=\"wp-block-uagb-container uagb-block-41d71845 alignfull uagb-is-root-container\"><div class=\"uagb-container-inner-blocks-wrap\">\n<div class=\"wp-block-uagb-advanced-heading uagb-block-423b721d\"><h2 class=\"uagb-heading-text\">Lo que dicen nuestros estudiantes<\/h2><\/div>\n\n\n\n<div class=\"wp-block-uagb-container uagb-layout-grid uagb-block-51789c3b\">\n<div class=\"wp-block-uagb-container uagb-block-7f7e1bff\">\n<div class=\"wp-block-uagb-testimonial uagb-slick-carousel uagb-tm__arrow-outside uagb-block-5b5e3dc4 uagb-post__carousel_notset uagb-post__carousel_notset-tablet uagb-post__carousel_notset-mobile\"><div class=\"is-carousel uagb-tm__columns-1 uagb-tm__items\"><div class=\"uagb-testimonial__wrap  uagb-tm__imgicon-style-circle uagb-tm__image-position-bottom uagb-tm__bg-type-none\"><div class=\"uagb-tm__content\"><div class=\"uagb-tm__overlay\"><\/div><div class=\"uagb-tm__text-wrap\"><div class=\"uagb-tm__desc\">Click edit button to change this text. Lorem ipsum dolor sit amet, consectetur adipiscing elit. Ut elit tellus, luctus nec ullamcorper mattis, pulvinar dapibus leo.\u200b<\/div><div class=\"uagb-tm__meta-inner\"><div class=\"uagb-tm__image-content\"><div class=\"uagb-tm__image\"><img loading=\"lazy\" decoding=\"async\" class=\"uagb-tm-img-src\" src=\"https:\/\/websitedemos.net\/learndash-academy-08\/wp-content\/uploads\/sites\/691\/2019\/05\/testimonial4-free-img-150x150.jpg\" alt=\"\" width=\"60\" height=\"60\"\/><\/div><\/div><div class=\"uagb-testimonial-details\"><span class=\"uagb-tm__author-name\">Kelvin Black<\/span><span class=\"uagb-tm__company\">From Dallas, USA\u200b<\/span><\/div><\/div><\/div><\/div><\/div><\/div><\/div>\n<\/div>\n\n\n\n<div class=\"wp-block-uagb-container uagb-block-346853dd\">\n<div class=\"wp-block-uagb-testimonial uagb-slick-carousel uagb-tm__arrow-outside uagb-block-bb8c01c7 uagb-post__carousel_notset uagb-post__carousel_notset-tablet uagb-post__carousel_notset-mobile\"><div class=\"is-carousel uagb-tm__columns-1 uagb-tm__items\"><div class=\"uagb-testimonial__wrap  uagb-tm__imgicon-style-circle uagb-tm__image-position-bottom uagb-tm__bg-type-none\"><div class=\"uagb-tm__content\"><div class=\"uagb-tm__overlay\"><\/div><div class=\"uagb-tm__text-wrap\"><div class=\"uagb-tm__desc\">Click edit button to change this text. Lorem ipsum dolor sit amet, consectetur adipiscing elit. Ut elit tellus, luctus nec ullamcorper mattis, pulvinar dapibus leo.\u200b<\/div><div class=\"uagb-tm__meta-inner\"><div class=\"uagb-tm__image-content\"><div class=\"uagb-tm__image\"><img loading=\"lazy\" decoding=\"async\" class=\"uagb-tm-img-src\" src=\"https:\/\/websitedemos.net\/learndash-academy-08\/wp-content\/uploads\/sites\/691\/2019\/05\/testimonial1-free-img-150x150.jpg\" alt=\"\" width=\"60\" height=\"60\"\/><\/div><\/div><div class=\"uagb-testimonial-details\"><span class=\"uagb-tm__author-name\"><strong>Zasha Swan<\/strong><\/span><span class=\"uagb-tm__company\">From Australia \u200b<\/span><\/div><\/div><\/div><\/div><\/div><\/div><\/div>\n<\/div>\n\n\n\n<div class=\"wp-block-uagb-container uagb-block-a7f272f2\">\n<div class=\"wp-block-uagb-testimonial uagb-slick-carousel uagb-tm__arrow-outside uagb-block-3cb7a997 uagb-post__carousel_notset uagb-post__carousel_notset-tablet uagb-post__carousel_notset-mobile\"><div class=\"is-carousel uagb-tm__columns-1 uagb-tm__items\"><div class=\"uagb-testimonial__wrap  uagb-tm__imgicon-style-circle uagb-tm__image-position-bottom uagb-tm__bg-type-none\"><div class=\"uagb-tm__content\"><div class=\"uagb-tm__overlay\"><\/div><div class=\"uagb-tm__text-wrap\"><div class=\"uagb-tm__desc\">Click edit button to change this text. Lorem ipsum dolor sit amet, consectetur adipiscing elit. Ut elit tellus, luctus nec ullamcorper mattis, pulvinar dapibus leo.\u200b<\/div><div class=\"uagb-tm__meta-inner\"><div class=\"uagb-tm__image-content\"><div class=\"uagb-tm__image\"><img loading=\"lazy\" decoding=\"async\" class=\"uagb-tm-img-src\" src=\"https:\/\/websitedemos.net\/learndash-academy-08\/wp-content\/uploads\/sites\/691\/2019\/05\/testimonial3-free-img-150x150.jpg\" alt=\"\" width=\"60\" height=\"60\"\/><\/div><\/div><div class=\"uagb-testimonial-details\"><span class=\"uagb-tm__author-name\">Frank Jones<\/span><span class=\"uagb-tm__company\">From Japan\u200b<\/span><\/div><\/div><\/div><\/div><\/div><\/div><\/div>\n<\/div>\n\n\n\n<div class=\"wp-block-uagb-container uagb-block-a3756b57\">\n<div class=\"wp-block-uagb-testimonial uagb-slick-carousel uagb-tm__arrow-outside uagb-block-86a1770f uagb-post__carousel_notset uagb-post__carousel_notset-tablet uagb-post__carousel_notset-mobile\"><div class=\"is-carousel uagb-tm__columns-1 uagb-tm__items\"><div class=\"uagb-testimonial__wrap  uagb-tm__imgicon-style-circle uagb-tm__image-position-bottom uagb-tm__bg-type-none\"><div class=\"uagb-tm__content\"><div class=\"uagb-tm__overlay\"><\/div><div class=\"uagb-tm__text-wrap\"><div class=\"uagb-tm__desc\">Click edit button to change this text. Lorem ipsum dolor sit amet, consectetur adipiscing elit. Ut elit tellus, luctus nec ullamcorper mattis, pulvinar dapibus leo.\u200b<\/div><div class=\"uagb-tm__meta-inner\"><div class=\"uagb-tm__image-content\"><div class=\"uagb-tm__image\"><img loading=\"lazy\" decoding=\"async\" class=\"uagb-tm-img-src\" src=\"https:\/\/websitedemos.net\/learndash-academy-08\/wp-content\/uploads\/sites\/691\/2019\/05\/testimonial2-free-img-150x150.jpg\" alt=\"\" width=\"60\" height=\"60\"\/><\/div><\/div><div class=\"uagb-testimonial-details\"><span class=\"uagb-tm__author-name\"><strong><strong>Jack Brownn<\/strong><\/strong><\/span><span class=\"uagb-tm__company\">From London, UK\u200b<\/span><\/div><\/div><\/div><\/div><\/div><\/div><\/div>\n<\/div>\n<\/div>\n<\/div><\/div>\n\n\n\n<div class=\"wp-block-uagb-container uagb-block-2b98e199 alignfull uagb-is-root-container\"><div class=\"uagb-container-inner-blocks-wrap\"><\/div><\/div>","protected":false},"excerpt":{"rendered":"<p>Unlock Your Potential with World-Class Chess Training Led by a FIDE Master with years of international experience, we help students turn passion into mastery. Kelvin S\u00e1nchez \u2013 Mechanical Engineer, FIDE Master &amp; Certified FIDE Instructor What Our Students Have to Say<\/p>","protected":false},"author":1,"featured_media":0,"parent":0,"menu_order":0,"comment_status":"closed","ping_status":"closed","template":"","meta":{"_surecart_dashboard_logo_width":"180px","_surecart_dashboard_show_logo":true,"_surecart_dashboard_navigation_orders":true,"_surecart_dashboard_navigation_invoices":true,"_surecart_dashboard_navigation_subscriptions":true,"_surecart_dashboard_navigation_downloads":true,"_surecart_dashboard_navigation_billing":true,"_surecart_dashboard_navigation_account":true,"_uag_custom_page_level_css":"","site-sidebar-layout":"no-sidebar","site-content-layout":"plain-container","ast-site-content-layout":"full-width-container","site-content-style":"unboxed","site-sidebar-style":"unboxed","ast-global-header-display":"","ast-banner-title-visibility":"","ast-main-header-display":"","ast-hfb-above-header-display":"","ast-hfb-below-header-display":"","ast-hfb-mobile-header-display":"","site-post-title":"disabled","ast-breadcrumbs-content":"","ast-featured-img":"disabled","footer-sml-layout":"","ast-disable-related-posts":"","theme-transparent-header-meta":"enabled","adv-header-id-meta":"","stick-header-meta":"","header-above-stick-meta":"","header-main-stick-meta":"","header-below-stick-meta":"","astra-migrate-meta-layouts":"set","ast-page-background-enabled":"default","ast-page-background-meta":{"desktop":{"background-color":"","background-image":"","background-repeat":"repeat","background-position":"center center","background-size":"auto","background-attachment":"scroll","background-type":"","background-media":"","overlay-type":"","overlay-color":"","overlay-opacity":"","overlay-gradient":""},"tablet":{"background-color":"","background-image":"","background-repeat":"repeat","background-position":"center center","background-size":"auto","background-attachment":"scroll","background-type":"","background-media":"","overlay-type":"","overlay-color":"","overlay-opacity":"","overlay-gradient":""},"mobile":{"background-color":"","background-image":"","background-repeat":"repeat","background-position":"center center","background-size":"auto","background-attachment":"scroll","background-type":"","background-media":"","overlay-type":"","overlay-color":"","overlay-opacity":"","overlay-gradient":""}},"ast-content-background-meta":{"desktop":{"background-color":"var(--ast-global-color-5)","background-image":"","background-repeat":"repeat","background-position":"center center","background-size":"auto","background-attachment":"scroll","background-type":"","background-media":"","overlay-type":"","overlay-color":"","overlay-opacity":"","overlay-gradient":""},"tablet":{"background-color":"var(--ast-global-color-5)","background-image":"","background-repeat":"repeat","background-position":"center center","background-size":"auto","background-attachment":"scroll","background-type":"","background-media":"","overlay-type":"","overlay-color":"","overlay-opacity":"","overlay-gradient":""},"mobile":{"background-color":"var(--ast-global-color-5)","background-image":"","background-repeat":"repeat","background-position":"center center","background-size":"auto","background-attachment":"scroll","background-type":"","background-media":"","overlay-type":"","overlay-color":"","overlay-opacity":"","overlay-gradient":""}},"_glsr_average":0,"_glsr_ranking":0,"_glsr_reviews":0,"footnotes":""},"class_list":["post-25407","page","type-page","status-publish","hentry"],"aioseo_notices":[],"uagb_featured_image_src":{"full":false,"thumbnail":false,"medium":false,"medium_large":false,"large":false,"1536x1536":false,"2048x2048":false,"trp-custom-language-flag":false},"uagb_author_info":{"display_name":"fransheskawhiite@gmail.com","author_link":"https:\/\/premiumchessacademy.com\/es\/author\/fransheskawhiitegmail-com\/"},"uagb_comment_info":0,"uagb_excerpt":"Unlock Your Potential with World-Class Chess Training Led by a FIDE Master with years of international experience, we help students turn passion into mastery. Kelvin S\u00e1nchez \u2013 Mechanical Engineer, FIDE Master &amp; Certified FIDE Instructor What Our Students Have to Say","_links":{"self":[{"href":"https:\/\/premiumchessacademy.com\/es\/wp-json\/wp\/v2\/pages\/25407","targetHints":{"allow":["GET"]}}],"collection":[{"href":"https:\/\/premiumchessacademy.com\/es\/wp-json\/wp\/v2\/pages"}],"about":[{"href":"https:\/\/premiumchessacademy.com\/es\/wp-json\/wp\/v2\/types\/page"}],"author":[{"embeddable":true,"href":"https:\/\/premiumchessacademy.com\/es\/wp-json\/wp\/v2\/users\/1"}],"replies":[{"embeddable":true,"href":"https:\/\/premiumchessacademy.com\/es\/wp-json\/wp\/v2\/comments?post=25407"}],"version-history":[{"count":18,"href":"https:\/\/premiumchessacademy.com\/es\/wp-json\/wp\/v2\/pages\/25407\/revisions"}],"predecessor-version":[{"id":28359,"href":"https:\/\/premiumchessacademy.com\/es\/wp-json\/wp\/v2\/pages\/25407\/revisions\/28359"}],"wp:attachment":[{"href":"https:\/\/premiumchessacademy.com\/es\/wp-json\/wp\/v2\/media?parent=25407"}],"curies":[{"name":"wp","href":"https:\/\/api.w.org\/{rel}","templated":true}]}}